{"id":809,"date":"2021-12-03T11:28:40","date_gmt":"2021-12-03T16:28:40","guid":{"rendered":"https:\/\/www.mea.ca\/?page_id=809"},"modified":"2022-12-23T14:01:29","modified_gmt":"2022-12-23T19:01:29","slug":"innovation","status":"publish","type":"page","link":"https:\/\/www.mea.ca\/en\/innovation\/","title":{"rendered":"Innovation"},"content":{"rendered":"\n<div class=\"block_bg_img_left_img_preview block-preview alignfull\">\n    <h2 class=\"block_bg_img_left_img__label\">&#8211;&#8211;&nbsp;Block with a background image on the left<\/h2>\n    <p class=\"instructions\">Choose the image in the block options on the side<\/p>\n    <img decoding=\"async\" src=\"https:\/\/www.mea.ca\/wp-content\/uploads\/2022\/10\/icone-navire.png\" alt=\"\">\n\n    \n\n<div class=\"wp-block-columns is-layout-flex wp-container-core-columns-is-layout-1 wp-block-columns-is-layout-flex\">\n<div class=\"wp-block-column is-layout-flow wp-block-column-is-layout-flow\"><\/div>\n\n\n\n<div class=\"wp-block-column is-layout-flow wp-block-column-is-layout-flow\">\n<h2 class=\"has-text-align-right wp-block-heading\" id=\"galileo\"> <strong>Galileo: a technological revolution in service of the supply chain<\/strong><\/h2>\n<\/div>\n<\/div>\n\n\n\n<div class=\"wp-block-columns is-layout-flex wp-container-core-columns-is-layout-2 wp-block-columns-is-layout-flex\">\n<div class=\"wp-block-column is-vertically-aligned-center is-layout-flow wp-block-column-is-layout-flow\"><div class=\"wp-block-image\">\n<figure class=\"aligncenter size-large\"><img decoding=\"async\" width=\"1024\" height=\"1024\" src=\"https:\/\/www.mea.ca\/wp-content\/uploads\/2022\/10\/icone_galileoEN-1024x1024.png\" alt=\"\" class=\"wp-image-1460\" srcset=\"https:\/\/www.mea.ca\/wp-content\/uploads\/2022\/10\/icone_galileoEN.png 1024w, https:\/\/www.mea.ca\/wp-content\/uploads\/2022\/10\/icone_galileoEN-300x300.png 300w, https:\/\/www.mea.ca\/wp-content\/uploads\/2022\/10\/icone_galileoEN-150x150.png 150w, https:\/\/www.mea.ca\/wp-content\/uploads\/2022\/10\/icone_galileoEN-768x768.png 768w\" sizes=\"(max-width: 1024px) 100vw, 1024px\" \/><\/figure><\/div>\n\n\n<p>Based on port traffic, weather conditions, the amount and type of cargo, Galileo offers an optimal scenario for workforce dispatch that respects collective agreements, port worker availability and the required classifications. Thus, terminal operators have an additional resource to help them make the best decisions regarding workforce needs.<\/p>\n<\/div>\n\n\n\n<div class=\"wp-block-column is-vertically-aligned-top is-layout-flow wp-block-column-is-layout-flow\">\n<p>Designed in partnership with Airudi and with the contribution of ScaleAI, Galileo will improve port workforce dispatch planning. This revolutionary tool complements the <a href=\"https:\/\/www.port-montreal.com\/en\/goods\/business\/why-choose-the-port-of-montreal\/innovation\" target=\"_blank\" rel=\"noopener\">Port of Montr\u00e9al\u2019s artificial intelligence projects<\/a> by providing one-of-a-kind visibility of the supply chain. With this new tool, vessel arrival can be forecast 21 days in advance rather than just 24 hours, considerably increasing performance at the Port of Montr\u00e9al.<\/p>\n<\/div>\n<\/div>\n\n\n<\/div>\n\n\n\n\n\n<section class=\"img-with-deco-text-block theme-block alignwide\">\n\n\n  <div class=\"img-with-deco-text-content position-img-left\">\n    <div class=\"img-with-deco-text-content__wrapper position-img-left\">\n              <h2 class=\"img-with-deco-text-content__title\" >What does dispatch at the Port of Montr\u00e9al entail?<\/h2>\n                    <div class=\"img-with-deco-text-content__text\"><p>The MEA workforce at the Port of Montr\u00e9al consists of 1,500\u00a0longshore workers and checkers. Port employees are responsible for loading and unloading containers, bulk and conventional cargo. They also handle baggage for passenger ships. Each day, MEA estimates the number of specialized workers based on the various vessels arriving at the port as well as the cargo to handle.<\/p>\n<\/div>\n          <\/div>\n  <\/div>\n\n\n  <div class=\"img-with-deco-text-img__wrapper position-img-left img-deco-text\">\n\n              <img decoding=\"async\" class=\"img-with-deco-text-img__img\" src=\"https:\/\/www.mea.ca\/wp-content\/uploads\/2022\/09\/AEM_2.jpg\" alt=\"\">\n      \n      \n                        <p class=\"img-with-deco-text-img__deco-text\" >24\/7<\/p>\n                <\/div>\n<\/section>\n\n\n\n<p>Because vessel arrivals and departures do not follow a regular schedule, the longshore workers and checkers dispatched by the MEA work on variable schedules. Port operations take place 24\/7 with three work shifts per day (morning, evening, night).<\/p>\n\n\n\n<p>Each day, the MEA asks terminal operators for their workforce needs for the next day. Based on worker availability, their classification on certain machinery as well as the rules of the <\/p>\n\n\n\n<p>collective agreements in force at the Port of Montr\u00e9al, a schedule is generated daily at 6:00 p.m. Port workers then receive their assignments for the next day. There is no way to predict beyond the next 24 hours.<\/p>\n\n\n\n<p>Incidentally, because there is no way to forecast operations or workforce needs, it is difficult to optimize the training periods offered to employees to maximize their skills.<\/p>\n\n\n\n<div class=\"wp-block-columns is-layout-flex wp-container-core-columns-is-layout-3 wp-block-columns-is-layout-flex\">\n<div class=\"wp-block-column is-layout-flow wp-block-column-is-layout-flow\">\n<p><\/p>\n<\/div>\n<\/div>\n\n\n<div class=\"block-background theme-innerblock__block  dark-mode alignitems-left\" \n  >\n    <span class=\"block-background__label\">Content with background<\/span>\n  \n    \n\n<p><strong>The Galileo revolution<\/strong><\/p>\n\n\n\n<p><\/p>\n\n\n\n<p><\/p>\n\n\n\n<div class=\"wp-block-columns is-layout-flex wp-container-core-columns-is-layout-4 wp-block-columns-is-layout-flex\">\n<div class=\"wp-block-column is-layout-flow wp-block-column-is-layout-flow\">\n<p>Dispatch will be much quicker with this tool, cutting as much as 30% of the time allocated to this task. The system will collect real-time data from vessels arriving in the Port of Montr\u00e9al and will suggest to terminal operators an optimal combination of specialized workers based on the cargo aboard the vessel.<\/p>\n\n\n\n<p>With the right number of people with the right skills at the right time, goods will move more efficiently, work hours will be optimized and downtime will be reduced.<\/p>\n<\/div>\n\n\n\n<div class=\"wp-block-column is-layout-flow wp-block-column-is-layout-flow\">\n<p>The MEA will provide other players in the supply chain with the average time of vessel loading and unloading operations based on the number of workers, as well as the best time of day to begin operations.<\/p>\n\n\n\n<p>The entire Montr\u00e9al, Qu\u00e9bec and Canadian ecosystem will benefit from this improved visibility and predictability.<\/p>\n\n\n\n<p>The Galileo project will have a major impact on the entire Canadian supply chain: better operations planning will allow other players in the transportation and logistics industry to plan their respective operations.<\/p>\n<\/div>\n<\/div>\n\n\n<\/div>\n\n                    \n\n\n\n<figure class=\"wp-block-embed is-type-video is-provider-youtube wp-block-embed-youtube wp-embed-aspect-16-9 wp-has-aspect-ratio\"><div class=\"wp-block-embed__wrapper\">\n<iframe loading=\"lazy\" title=\"Projet Galileo : une r\u00e9volution technologique au service de la cha\u00eene d\u2019approvisionnement\" width=\"500\" height=\"281\" src=\"https:\/\/www.youtube.com\/embed\/Zxia1SFdKQg?feature=oembed\" frameborder=\"0\" allow=\"accelerometer; autoplay; clipboard-write; encrypted-media; gyroscope; picture-in-picture; web-share\" referrerpolicy=\"strict-origin-when-cross-origin\" allowfullscreen><\/iframe>\n<\/div><\/figure>\n\n\n\n<div class=\"block_bg_img_left_img_preview block-preview alignfull\">\n    <h2 class=\"block_bg_img_left_img__label\">&#8211;&#8211;&nbsp;Block with a background image on the left<\/h2>\n    <p class=\"instructions\">Choose the image in the block options on the side<\/p>\n    <img decoding=\"async\" src=\"https:\/\/www.mea.ca\/wp-content\/uploads\/2021\/11\/innovation_bg-e1638388473736.png\" alt=\"\">\n\n    \n\n<div class=\"wp-block-columns is-layout-flex wp-container-core-columns-is-layout-5 wp-block-columns-is-layout-flex\">\n<div class=\"wp-block-column is-layout-flow wp-block-column-is-layout-flow\"><\/div>\n\n\n\n<div class=\"wp-block-column is-layout-flow wp-block-column-is-layout-flow\">\n<h2 class=\"has-text-align-right wp-block-heading\" id=\"modernize\"> Modernizing our deployment system: a major initiative<\/h2>\n<\/div>\n<\/div>\n\n\n\n<div class=\"wp-block-columns is-layout-flex wp-container-core-columns-is-layout-6 wp-block-columns-is-layout-flex\">\n<div class=\"wp-block-column is-vertically-aligned-center is-layout-flow wp-block-column-is-layout-flow\"><div class=\"wp-block-image\">\n<figure class=\"aligncenter size-large\"><img decoding=\"async\" width=\"1024\" height=\"1024\" src=\"https:\/\/www.mea.ca\/wp-content\/uploads\/2021\/12\/img-verificateurs-EN-1024x1024.png\" alt=\"\" class=\"wp-image-1147\" srcset=\"https:\/\/www.mea.ca\/wp-content\/uploads\/2021\/12\/img-verificateurs-EN-1024x1024.png 1024w, https:\/\/www.mea.ca\/wp-content\/uploads\/2021\/12\/img-verificateurs-EN-300x300.png 300w, https:\/\/www.mea.ca\/wp-content\/uploads\/2021\/12\/img-verificateurs-EN-150x150.png 150w, https:\/\/www.mea.ca\/wp-content\/uploads\/2021\/12\/img-verificateurs-EN-768x768.png 768w, https:\/\/www.mea.ca\/wp-content\/uploads\/2021\/12\/img-verificateurs-EN-1536x1536.png 1536w, https:\/\/www.mea.ca\/wp-content\/uploads\/2021\/12\/img-verificateurs-EN.png 1876w\" sizes=\"(max-width: 1024px) 100vw, 1024px\" \/><\/figure><\/div>\n\n\n<p>In 2020, following a risk analysis at MEA, the conclusion was unequivocal: the computer systems in use were out of date. The system managing the daily deployment and labour planning was over 40 years old. <\/p>\n<\/div>\n\n\n\n<div class=\"wp-block-column is-vertically-aligned-top is-layout-flow wp-block-column-is-layout-flow\">\n<p class=\"has-text-align-left\">One of MEA\u2019s greatest challenges is the daily deployment of nearly 1,700 port employees to the ports of Montr\u00e9al, Contrec\u0153ur, Trois-Rivi\u00e8res and B\u00e9cancour. Each day, MEA ensures that there is sufficient labour to load and unload ships as quickly as possible. The fluidity of the Quebec and Canadian supply chain depends on it.<\/p>\n<\/div>\n<\/div>\n\n\n<\/div>\n\n\n<div class=\"block-shifted-img__preview block-preview alignfull bg-color-cream\">\n    <h2 class=\"block-shifted-img__label\">&#8211;&#8211;&nbsp;Group with shifted image, an image and contents<\/h2>\n    <p class=\"instructions\">Enter the image and the options in the block options on the side<\/p>\n    <img decoding=\"async\" src=\"https:\/\/www.mea.ca\/wp-content\/uploads\/2021\/11\/iStock-1299734004-e1638390020406.png\" alt=\"\">\n    <p class=\"block-shifted-img__position\">\n        Image position :         Top left    <\/p>\n    <p class=\"block-shifted-img__cta-choice\">\n        Add a CTA :         No    <\/p>\n    \n    \n\n<div class=\"wp-block-columns is-layout-flex wp-container-core-columns-is-layout-7 wp-block-columns-is-layout-flex\">\n<div class=\"wp-block-column is-layout-flow wp-block-column-is-layout-flow\">\n<p>MEA therefore launched a major initiative to modernize its computer tools and systems.<\/p>\n\n\n\n<p>Terminal operators can use an online application to request the number of employees desired as well as the classifications required to ensure daily activities.<\/p>\n<\/div>\n\n\n\n<div class=\"wp-block-column is-layout-flow wp-block-column-is-layout-flow\">\n<figure class=\"wp-block-image size-full\"><img decoding=\"async\" width=\"402\" height=\"176\" src=\"https:\/\/www.mea.ca\/wp-content\/uploads\/2021\/12\/img-icon-ordi-2.png\" alt=\"\" class=\"wp-image-1158\" srcset=\"https:\/\/www.mea.ca\/wp-content\/uploads\/2021\/12\/img-icon-ordi-2.png 402w, https:\/\/www.mea.ca\/wp-content\/uploads\/2021\/12\/img-icon-ordi-2-300x131.png 300w\" sizes=\"(max-width: 402px) 100vw, 402px\" \/><\/figure>\n<\/div>\n<\/div>\n\n\n\n<p>The Dispatch Center team receives a first draft assignment from the system and checks all the information received from the terminals to coordinate the best possible deployment.<\/p>\n\n\n\n<p>In parallel, new tools were launched for data analysis and business intelligence. All these changes make it possible to access data in real time, or almost, and better analyze our business practices.<\/p>\n\n\n\n<p>Thanks to this project, MEA is ready to work on a new artificial intelligence project.<\/p>\n\n\n\n<p><\/p>\n\n\n<\/div>\n                   \n\n\n\n<figure class=\"wp-block-embed is-type-video is-provider-youtube wp-block-embed-youtube wp-embed-aspect-16-9 wp-has-aspect-ratio\"><div class=\"wp-block-embed__wrapper\">\n<iframe loading=\"lazy\" title=\"Testimonial : Maritime Employers Association (MEA)\" width=\"500\" height=\"281\" src=\"https:\/\/www.youtube.com\/embed\/xlD7toZPUH8?feature=oembed\" frameborder=\"0\" allow=\"accelerometer; autoplay; clipboard-write; encrypted-media; gyroscope; picture-in-picture; web-share\" referrerpolicy=\"strict-origin-when-cross-origin\" allowfullscreen><\/iframe>\n<\/div><\/figure>\n\n\n\n\n      <div id=\"news\" class=\"block-anchor\" tabindex=\"-1\"><\/div>\n    <section class=\"news-carousel-block theme-block alignwide\">\n    <div class=\"news-carousel-block__inner\">\n      <div class=\"news-carousel-block__headings\">\n        <!-- -- Block title -- -->\n                  <h2 class=\"news-carousel-block__title\">News<\/h2>\n              <\/div>\n    \n      <!-- -- Item -- -->\n      <div class=\"listing-articles-carousel\">\n        \n        <!-- SWIPER -->\n        <div class=\"swiper-container articles-carousel\">\n\n          <!-- Navigation & Pagination-->\n          <div class=\"articles-carousel-pagination swiper\">\n            <div class=\"swiper-button-prev\"><\/div>\n            <div class=\"swiper-button-next\"><\/div>\n          <\/div> \n\n          <!-- Required Swiper wrapper -->\n          <div class=\"swiper-wrapper articles-carousel__wrapper\">\n\n                          <!-- SWIPER slide -->\n              <div class=\"swiper-slide articles-item articles-carousel-item\">\n                \n\n<article class=\"post-item class=\"post-809 page type-page status-publish hentry\"\">\n  <div class=\"post-item__decoration\"><\/div>\n  <a class=\"post-item__link\" href=\"https:\/\/www.mea.ca\/en\/news\/the-maritime-employers-associations-artificial-intelligence-project\/\">\n    <div class=\"post-item__inner\">\n              <div class=\"post-item__bg post-item__bg-img\" style=\"background-image:url('https:\/\/www.mea.ca\/wp-content\/uploads\/2022\/09\/AEM_2.jpg')\"><\/div>\n        <div class=\"post-item__overlay\"><\/div>\n            \n      <div class=\"post-item__lower-content\">\n        <h3 class=\"post-item__title entry-title\">The Maritime Employers Association\u2019s Artificial Intelligence Project<\/h3>\n        \n        <div class=\"post-metas__wrapper\">\n          \n<div class=\"post-metas\">\n      <p class=\"post-date\">Published the October 11, 2022<\/p>\n    <\/div>\n        <\/div>\n\n        <div class=\"post-item__readmore isolated-text-link\">Read more<\/div>\n\n      <\/div>\n    <\/div>\n  <\/a>\n<\/article>\n              <\/div> <!-- END SWIPER slide -->    \n              \n          <\/div> <!-- END SWIPER wrapper -->\n\n        <\/div> <!-- END SWIPER container -->\n\n      <\/div> <!-- END listing-articles -->\n\n      <!-- -- View all btn -- -->\n              <div class=\"news-carousel-block__btn-wrapper\">\n          <a class=\"isolated-text-link news-carousel-block__btn btn\" href=\"https:\/\/www.mea.ca\/en\/news\/\">See all news<\/a>\n        <\/div>\n      \n    <\/div>\n  <\/section>\n  ","protected":false},"excerpt":{"rendered":"<p>Because vessel arrivals and departures do not follow a regular schedule, the longshore workers and checkers dispatched by the MEA work on variable schedules. Port operations take place 24\/7 with three work shifts per day (morning, evening, night). Each day, the MEA asks terminal operators for their workforce needs for the next day. Based on &hellip; <a href=\"https:\/\/www.mea.ca\/en\/innovation\/\">Continued<\/a><\/p>\n","protected":false},"author":1,"featured_media":0,"parent":0,"menu_order":0,"comment_status":"closed","ping_status":"closed","template":"","meta":{"_acf_changed":false,"_relevanssi_hide_post":"","_relevanssi_pin_for_all":"","_relevanssi_pin_keywords":"","_relevanssi_unpin_keywords":"","_relevanssi_related_keywords":"","_relevanssi_related_include_ids":"","_relevanssi_related_exclude_ids":"","_relevanssi_related_no_append":"","_relevanssi_related_not_related":"","_relevanssi_related_posts":"851","_relevanssi_noindex_reason":"","footnotes":""},"acf":[],"_links":{"self":[{"href":"https:\/\/www.mea.ca\/en\/wp-json\/wp\/v2\/pages\/809"}],"collection":[{"href":"https:\/\/www.mea.ca\/en\/wp-json\/wp\/v2\/pages"}],"about":[{"href":"https:\/\/www.mea.ca\/en\/wp-json\/wp\/v2\/types\/page"}],"author":[{"embeddable":true,"href":"https:\/\/www.mea.ca\/en\/wp-json\/wp\/v2\/users\/1"}],"replies":[{"embeddable":true,"href":"https:\/\/www.mea.ca\/en\/wp-json\/wp\/v2\/comments?post=809"}],"version-history":[{"count":8,"href":"https:\/\/www.mea.ca\/en\/wp-json\/wp\/v2\/pages\/809\/revisions"}],"predecessor-version":[{"id":1529,"href":"https:\/\/www.mea.ca\/en\/wp-json\/wp\/v2\/pages\/809\/revisions\/1529"}],"wp:attachment":[{"href":"https:\/\/www.mea.ca\/en\/wp-json\/wp\/v2\/media?parent=809"}],"curies":[{"name":"wp","href":"https:\/\/api.w.org\/{rel}","templated":true}]}}