{"id":826,"date":"2021-12-03T11:46:56","date_gmt":"2021-12-03T16:46:56","guid":{"rendered":"https:\/\/www.mea.ca\/?page_id=826"},"modified":"2025-10-07T09:17:04","modified_gmt":"2025-10-07T14:17:04","slug":"about-us","status":"publish","type":"page","link":"https:\/\/www.mea.ca\/en\/who-are-we\/about-us\/","title":{"rendered":"About MEA"},"content":{"rendered":"\n\n  <div id=\"mission\" class=\"block-anchor\" tabindex=\"-1\"><\/div>\n\n<section class=\"img-with-deco-text-block theme-block alignwide\">\n\n\n  <div class=\"img-with-deco-text-content position-img-left\">\n    <div class=\"img-with-deco-text-content__wrapper position-img-left\">\n              <h2 class=\"img-with-deco-text-content__title\" >MISSION<\/h2>\n                    <div class=\"img-with-deco-text-content__text\"><p><span class=\"TextRun SCXW75008384 BCX8\" lang=\"EN-US\" xml:lang=\"EN-US\" data-contrast=\"auto\"><span class=\"NormalTextRun SCXW75008384 BCX8\">The <\/span><span class=\"NormalTextRun SCXW75008384 BCX8\">MEA<\/span> <span class=\"NormalTextRun SCXW75008384 BCX8\">is in service of <\/span><span class=\"NormalTextRun SCXW75008384 BCX8\">its<\/span><span class=\"NormalTextRun SCXW75008384 BCX8\"> members and employees at the ports of <\/span><span class=\"NormalTextRun SCXW75008384 BCX8\">Montr<\/span><span class=\"NormalTextRun SCXW75008384 BCX8\">\u00e9<\/span><span class=\"NormalTextRun SCXW75008384 BCX8\">al<\/span><span class=\"NormalTextRun SCXW75008384 BCX8\">, <\/span><span class=\"NormalTextRun SpellingErrorV2Themed SCXW75008384 BCX8\">Contrecoeur<\/span><span class=\"NormalTextRun SCXW75008384 BCX8\">, <\/span><span class=\"NormalTextRun SCXW75008384 BCX8\">Trois-Rivi\u00e8res, <\/span><span class=\"NormalTextRun SCXW75008384 BCX8\">B\u00e9cancour<\/span><span class=\"NormalTextRun SCXW75008384 BCX8\">, Hamilton and Toronto in their work to ensure the reliability of the Canadian supply chain.<\/span><\/span><span class=\"EOP SCXW75008384 BCX8\" data-ccp-props=\"{&quot;335551550&quot;:6,&quot;335551620&quot;:6}\">\u00a0<\/span><\/p>\n<\/div>\n          <\/div>\n  <\/div>\n\n\n  <div class=\"img-with-deco-text-img__wrapper position-img-left img-deco-pastille\">\n\n              <img decoding=\"async\" class=\"img-with-deco-text-img__img\" src=\"https:\/\/www.mea.ca\/wp-content\/uploads\/2021\/11\/a-propos-1.png\" alt=\"\">\n      \n              <div class=\"img-with-deco-text-img__pastilles-wrapper\">\n           \n            <img decoding=\"async\" class=\"img-with-deco-text-img__first-pastille\" src=\"https:\/\/www.mea.ca\/wp-content\/uploads\/2021\/11\/a-propos-vignette1.png\" alt=\"\">\n                     \n            <img decoding=\"async\" class=\"img-with-deco-text-img__second-pastille\" src=\"https:\/\/www.mea.ca\/wp-content\/uploads\/2021\/11\/a-propos-vignette2.png\" alt=\"\">\n                  <\/div>\n      \n        <\/div>\n<\/section>\n\n\n<div class=\"block_animated_text_preview block-preview alignfull\">\n    <h2 class=\"block_animated_text__label\">&#8211;&#8211;&nbsp;Group with animated text, an image and contents<\/h2>\n    <p class=\"instructions\">Enter the animated text and the image in the block options on the side<\/p>\n    <h3 class=\"block_animated_text__title\">Vision&nbsp;Values<\/h3>\n    <img decoding=\"async\" src=\"https:\/\/www.mea.ca\/wp-content\/uploads\/2021\/11\/a-propos-2.png\" alt=\"\">\n\n    \n\n<div class=\"wp-block-columns is-layout-flex wp-container-core-columns-is-layout-1 wp-block-columns-is-layout-flex\">\n<div class=\"wp-block-column is-layout-flow wp-block-column-is-layout-flow\">\n<h2 class=\"wp-block-heading\">Vision<\/h2>\n\n\n\n<p>Becoming a people-focused, agile, and resilient maritime employer that promotes high-quality standards.<\/p>\n<\/div>\n\n\n\n<div class=\"wp-block-column is-layout-flow wp-block-column-is-layout-flow\">\n<h2 class=\"wp-block-heading\">Values<\/h2>\n\n\n\n<p>Courage: be resilient and welcome change by leveraging a solutions-focused approach.&nbsp;<\/p>\n\n\n\n<p>Respect: prioritize respectful relationships at all levels.&nbsp;<\/p>\n\n\n\n<p>Excellence: be sensitive and strive for excellence through continuous improvement.&nbsp;<\/p>\n\n\n\n<p>Benevolence: cultivate a people-centered approach focused on mutual cooperation.&nbsp;<\/p>\n<\/div>\n<\/div>\n\n\n<\/div>\n\n\n\n<h2 class=\"wp-block-heading\" id=\"mandate\">What do we do?<\/h2>\n\n\n\n<p>The MEA\u2019s mandate is to provide longshoremen and checkers with competitive working conditions, to recruit and train them and to ensure workplace safety, in collaboration with terminal operators.&nbsp;<\/p>\n\n\n\n<p>The MEA ensures optimal workforce dispatch in order to provide top quality vessel transhipment services in key links in the Canadian supply chain including the ports of Montr\u00e9al, Contrec\u0153ur, Trois-Rivi\u00e8res, B\u00e9cancour, Hamilton and Toronto.&nbsp;<\/p>\n\n\n\n\n  <div id=\"history\" class=\"block-anchor\" tabindex=\"-1\"><\/div>\n\n<section class=\"img-with-deco-text-block theme-block alignwide\">\n\n\n  <div class=\"img-with-deco-text-content position-img-right\">\n    <div class=\"img-with-deco-text-content__wrapper position-img-right\">\n              <h2 class=\"img-with-deco-text-content__title\" >History<\/h2>\n                    <div class=\"img-with-deco-text-content__text\"><p>Conditions for longshore workers were difficult in the 1960s: unreliable work hours and income, almost no health and safety protections for workers, restrictive shift assignment practices. To further complicate the situation, there were many employers in the ports.<\/p>\n<p>What\u2019s more, before the advent of containers, loading and unloading ships was arduous physical labour because the merchandise was distributed on palettes or crates that had to be handled.<\/p>\n<p>The <em>Commission Picard<\/em> established to study the situation published a report in 1967 that established the basis for contemporary port operations.<\/p>\n<\/div>\n          <\/div>\n  <\/div>\n\n\n  <div class=\"img-with-deco-text-img__wrapper position-img-right img-deco-text\">\n\n              <img decoding=\"async\" class=\"img-with-deco-text-img__img\" src=\"https:\/\/www.mea.ca\/wp-content\/uploads\/2021\/11\/a-propos-3.png\" alt=\"\">\n      \n      \n                        <p class=\"img-with-deco-text-img__deco-text\" >1969<\/p>\n                <\/div>\n<\/section>\n\n\n\n<p>The Maritime Employers Association (MEA) was established by the Canadian government in 1969 in response to this publication. Entities were created to better manage work relations between shipping companies and port employees. MEA was designated as industry representative to act on behalf of the industry with workers. The terms and conditions are found in <a href=\"https:\/\/lois-laws.justice.gc.ca\/eng\/acts\/l-2\/FullText.html#s-34\" target=\"_blank\" rel=\"noopener\">Section\u202f34 of the Canada Labour Code<\/a>.<\/p>\n\n\n\n<p>Since then, MEA hires, deploys and trains port workers in addition to negotiating collective agreements. It is the employer of longshore workers and checkers.<\/p>\n\n\n\n<p>The creation of this not-for-profit organization allowed some groups of port workers to benefit from guaranteed income despite the irregular schedules that are unavoidable in the maritime industry. It also enabled deployment according to fairly restrictive collective agreements, and a hiring process where it shares the selection process.<\/p>\n\n\n\n<p>For employers, MEA makes it possible to retain a pool of qualified employees available year round based on various needs.<\/p>\n\n\n\n<p><strong>A modern Harbour Training Center<\/strong><\/p>\n\n\n\n<p>MEA established its Harbour Training Center in 1995 in response to industry needs. The maritime worker profession has changed significantly since loading and unloading palettes; workers now use heavy machinery and massive cranes.<\/p>\n\n\n\n<p>This is why the Center equipped itself with a cutting-edge simulator and has machinery to train workers from their early days and throughout their careers at MEA.<\/p>\n\n\n\n<p>Today, MEA is a modern organization focused on innovating to continue serving its members in a constantly evolving industry.<\/p>\n\n\n\n<p>It also plays a critical role in the Qu\u00e9bec, Canadian and North American supply chain because nearly 85% of everything consumed in these markets transits through the Port of Montr\u00e9al alone, representing a market of 110 million people.<\/p>\n\n\n\n<p>Our longshore workers and checkers are the backbone of this logistical chain and their work is essential to its fluidity.<\/p>\n\n\n\n<p>The Maritime Employers Association is active in the ports of Montr\u00e9al, Contrec\u0153ur, Trois-Rivi\u00e8res, B\u00e9cancour, Hamilton and Toronto.<\/p>\n\n\n\n\n  <div id=\"55\" class=\"block-anchor\" tabindex=\"-1\"><\/div>\n\n<section class=\"img-with-deco-text-block theme-block alignwide\">\n\n\n  <div class=\"img-with-deco-text-content position-img-left\">\n    <div class=\"img-with-deco-text-content__wrapper position-img-left\">\n              <h2 class=\"img-with-deco-text-content__title\" >55th Anniversary<\/h2>\n                    <div class=\"img-with-deco-text-content__text\"><p>Did you know that this year the MEA is celebrating 55 years at the heart of the maritime industry?<\/p>\n<p>See our video capsules covering the different decades.<\/p>\n<p><a href=\"https:\/\/www.youtube.com\/playlist?list=PLZQ50vRBVHtBIyFwpT1FrgeJlzzpsDN_A\" target=\"_blank\" rel=\"noopener\"><img decoding=\"async\" class=\"alignnone wp-image-2666 size-medium\" src=\"https:\/\/www.mea.ca\/wp-content\/uploads\/2025\/10\/Playlist_miniature-300x162.jpg\" alt=\"\" width=\"300\" height=\"162\" srcset=\"https:\/\/www.mea.ca\/wp-content\/uploads\/2025\/10\/Playlist_miniature-300x162.jpg 300w, https:\/\/www.mea.ca\/wp-content\/uploads\/2025\/10\/Playlist_miniature-1024x553.jpg 1024w, https:\/\/www.mea.ca\/wp-content\/uploads\/2025\/10\/Playlist_miniature-768x415.jpg 768w, https:\/\/www.mea.ca\/wp-content\/uploads\/2025\/10\/Playlist_miniature-1536x830.jpg 1536w, https:\/\/www.mea.ca\/wp-content\/uploads\/2025\/10\/Playlist_miniature.jpg 1583w\" sizes=\"(max-width: 300px) 100vw, 300px\" \/><\/a><\/p>\n<\/div>\n          <\/div>\n  <\/div>\n\n\n  <div class=\"img-with-deco-text-img__wrapper position-img-left img-deco-pastille\">\n\n              <img decoding=\"async\" class=\"img-with-deco-text-img__img\" src=\"https:\/\/www.mea.ca\/wp-content\/uploads\/2024\/05\/TR-1967-Chargement-de-rouleaux-de-papier-journal-de-la-Domtar-sur-un-navire-au-port.jpg\" alt=\"\">\n      \n              <div class=\"img-with-deco-text-img__pastilles-wrapper\">\n           \n            <img decoding=\"async\" class=\"img-with-deco-text-img__first-pastille\" src=\"https:\/\/www.mea.ca\/wp-content\/uploads\/2024\/05\/55e-logo-aem_EN_Page_2-1.jpg\" alt=\"\">\n                            <\/div>\n      \n        <\/div>\n<\/section>\n\n\n<div class=\"block_animated_text_preview block-preview alignfull\">\n    <h2 class=\"block_animated_text__label\">&#8211;&#8211;&nbsp;Group with animated text, an image and contents<\/h2>\n    <p class=\"instructions\">Enter the animated text and the image in the block options on the side<\/p>\n    <h3 class=\"block_animated_text__title\">MEMBERS&nbsp;MEMBERS<\/h3>\n    <img decoding=\"async\" src=\"https:\/\/www.mea.ca\/wp-content\/uploads\/2021\/11\/a-propos-4.png\" alt=\"\">\n\n    \n\n<h2 class=\"wp-block-heading\">OUR MEMBERS<\/h2>\n\n\n\n<h5 class=\"wp-block-heading\">Category 1<\/h5>\n\n\n\n<p>Ship owners, operators or agents.<\/p>\n\n\n\n<div class=\"wp-block-columns is-layout-flex wp-container-core-columns-is-layout-2 wp-block-columns-is-layout-flex\">\n<div class=\"wp-block-column is-layout-flow wp-block-column-is-layout-flow\">\n<ul>\n<li>Oc\u00e9anex inc.<\/li>\n\n\n\n<li>Inchcape shipping services<\/li>\n\n\n\n<li>Oocl canada inc.<\/li>\n\n\n\n<li>Canfornav Limited<\/li>\n\n\n\n<li>Laden maritime inc.<\/li>\n\n\n\n<li>Poros shipping agencies inc.<\/li>\n\n\n\n<li>Mediterranean Shipping Co. (Canada) inc.<\/li>\n\n\n\n<li>Maersk Canada inc.<\/li>\n<\/ul>\n<\/div>\n\n\n\n<div class=\"wp-block-column is-layout-flow wp-block-column-is-layout-flow\">\n<ul>\n<li>Protos shipping limited<\/li>\n\n\n\n<li>Cma-cgm (canada) inc. <\/li>\n\n\n\n<li>Mclean kennedy inc. <\/li>\n\n\n\n<li>Richardson international ltd. <\/li>\n\n\n\n<li>Colley motorships ltd. <\/li>\n\n\n\n<li>Montreal marine services inc. <\/li>\n\n\n\n<li>Robert Reford <\/li>\n\n\n\n<li>Currie maritime corporation<\/li>\n<\/ul>\n<\/div>\n\n\n\n<div class=\"wp-block-column is-layout-flow wp-block-column-is-layout-flow\">\n<ul>\n<li>Montship inc.<\/li>\n\n\n\n<li>Scandia shipping agencies inc. <\/li>\n\n\n\n<li>Fednav limited <\/li>\n\n\n\n<li>Navitrans Shipping agencies <\/li>\n\n\n\n<li>Gresco lt\u00e9e <\/li>\n\n\n\n<li>Norton lilly international inc. <\/li>\n\n\n\n<li>Hapag-lloyd (canada) inc. <\/li>\n\n\n\n<li>Cosco shipping lines (canada) inc.<\/li>\n<\/ul>\n<\/div>\n<\/div>\n\n\n\n<h5 class=\"wp-block-heading\">Category 2<\/h5>\n\n\n\n<p>Employers of unionized employees.<\/p>\n\n\n\n<div class=\"wp-block-columns is-layout-flex wp-container-core-columns-is-layout-3 wp-block-columns-is-layout-flex\">\n<div class=\"wp-block-column is-layout-flow wp-block-column-is-layout-flow\">\n<ul>\n<li>Arrimage cerescorp<\/li>\n\n\n\n<li>Termont montr\u00e9al inc. <\/li>\n\n\n\n<li>Soci\u00e9t\u00e9 terminaux montr\u00e9al gateway<\/li>\n\n\n\n<li>SSA Marine<\/li>\n<\/ul>\n<\/div>\n\n\n\n<div class=\"wp-block-column is-layout-flow wp-block-column-is-layout-flow\">\n<ul>\n<li>Bunge<\/li>\n\n\n\n<li>Groupe Somavrac inc.<\/li>\n\n\n\n<li>QSL International Ltd dba Empire Stevedoring<\/li>\n\n\n\n<li>Compagnie d&#8217;amarrage de Trois-Rivi\u00e8res<\/li>\n<\/ul>\n<\/div>\n\n\n\n<div class=\"wp-block-column is-layout-flow wp-block-column-is-layout-flow\">\n<ul>\n<li>Logistec arrimage inc.<\/li>\n\n\n\n<li>G3 canada limit\u00e9e<\/li>\n\n\n\n<li>Le groupe neault<\/li>\n\n\n\n<li>Parrish &amp; Heimbecker<\/li>\n\n\n\n<li>Terminal Maritime Contrecoeur<\/li>\n<\/ul>\n<\/div>\n<\/div>\n\n\n<\/div>\n","protected":false},"excerpt":{"rendered":"<p>What do we do? The MEA\u2019s mandate is to provide longshoremen and checkers with competitive working conditions, to recruit and train them and to ensure workplace safety, in collaboration with terminal operators.&nbsp; The MEA ensures optimal workforce dispatch in order to provide top quality vessel transhipment services in key links in the Canadian supply chain &hellip; <a href=\"https:\/\/www.mea.ca\/en\/who-are-we\/about-us\/\">Continued<\/a><\/p>\n","protected":false},"author":1,"featured_media":0,"parent":817,"menu_order":0,"comment_status":"closed","ping_status":"closed","template":"","meta":{"_acf_changed":false,"_relevanssi_hide_post":"","_relevanssi_pin_for_all":"","_relevanssi_pin_keywords":"","_relevanssi_unpin_keywords":"","_relevanssi_related_keywords":"","_relevanssi_related_include_ids":"","_relevanssi_related_exclude_ids":"","_relevanssi_related_no_append":"","_relevanssi_related_not_related":"","_relevanssi_related_posts":"851","_relevanssi_noindex_reason":"","footnotes":""},"acf":[],"_links":{"self":[{"href":"https:\/\/www.mea.ca\/en\/wp-json\/wp\/v2\/pages\/826"}],"collection":[{"href":"https:\/\/www.mea.ca\/en\/wp-json\/wp\/v2\/pages"}],"about":[{"href":"https:\/\/www.mea.ca\/en\/wp-json\/wp\/v2\/types\/page"}],"author":[{"embeddable":true,"href":"https:\/\/www.mea.ca\/en\/wp-json\/wp\/v2\/users\/1"}],"replies":[{"embeddable":true,"href":"https:\/\/www.mea.ca\/en\/wp-json\/wp\/v2\/comments?post=826"}],"version-history":[{"count":8,"href":"https:\/\/www.mea.ca\/en\/wp-json\/wp\/v2\/pages\/826\/revisions"}],"predecessor-version":[{"id":2668,"href":"https:\/\/www.mea.ca\/en\/wp-json\/wp\/v2\/pages\/826\/revisions\/2668"}],"up":[{"embeddable":true,"href":"https:\/\/www.mea.ca\/en\/wp-json\/wp\/v2\/pages\/817"}],"wp:attachment":[{"href":"https:\/\/www.mea.ca\/en\/wp-json\/wp\/v2\/media?parent=826"}],"curies":[{"name":"wp","href":"https:\/\/api.w.org\/{rel}","templated":true}]}}