{"id":828,"date":"2021-12-03T11:50:33","date_gmt":"2021-12-03T16:50:33","guid":{"rendered":"https:\/\/www.mea.ca\/?page_id=828"},"modified":"2021-12-13T16:17:21","modified_gmt":"2021-12-13T21:17:21","slug":"work-teams","status":"publish","type":"page","link":"https:\/\/www.mea.ca\/en\/what-do-we-do\/work-teams\/","title":{"rendered":"Work Teams"},"content":{"rendered":"<div class=\"block-shifted-img__preview block-preview alignfull bg-color-cream\">\n    <h2 class=\"block-shifted-img__label\">&#8211;&#8211;&nbsp;Group with shifted image, an image and contents<\/h2>\n    <p class=\"instructions\">Enter the image and the options in the block options on the side<\/p>\n    <img decoding=\"async\" src=\"https:\/\/www.mea.ca\/wp-content\/uploads\/2021\/11\/departements.jpg\" alt=\"\">\n    <p class=\"block-shifted-img__position\">\n        Image position :         Bottom right    <\/p>\n    <p class=\"block-shifted-img__cta-choice\">\n        Add a CTA :         No    <\/p>\n    \n    \n\n<div class=\"wp-block-columns alignfull is-layout-flex wp-container-core-columns-is-layout-1 wp-block-columns-is-layout-flex\">\n<div class=\"wp-block-column is-layout-flow wp-block-column-is-layout-flow\" style=\"flex-basis:55%\"><\/div>\n\n\n\n<div class=\"wp-block-column is-layout-flow wp-block-column-is-layout-flow\" style=\"flex-basis:45%\">\n<h2 class=\"has-text-align-right wp-block-heading\" id=\"teams\">ALL ABOUT OUR TEAMS<\/h2>\n<\/div>\n<\/div>\n\n\n\n<div class=\"wp-block-columns alignfull is-layout-flex wp-container-core-columns-is-layout-2 wp-block-columns-is-layout-flex\">\n<div class=\"wp-block-column is-layout-flow wp-block-column-is-layout-flow\" style=\"flex-basis:60%\"><div class=\"block-accordion \">\n    <span class=\"block-accordion__label\">Accordion<\/span>\n    <h3 class=\"block-accordion__title\">Industrial Relations<\/h3>\n    \n\n<p>MEA\u2019s industrial relations team represents the interests of its members with organizations such as the Canadian Human Rights Commission, the Canada Industrial Relations Board and other administrative tribunals.<\/p>\n\n\n\n<p>In accordance with Section 34 of the Canada Labour Code, MEA\u2019s industrial relations team negotiates all the collective agreements for its employees.<\/p>\n\n\n\n<p>Industrial relations advisors also offer an advisory service for the interpretation and application of the collective agreements. They are available for members to settle potential conflicts and interpret the clauses of the signed agreements.<\/p>\n\n\n\n<p>The team manages grievances and links member companies, attorneys as well as any person involved directly or indirectly in a file.<\/p>\n\n\n\n<div class=\"wp-block-buttons is-layout-flex wp-block-buttons-is-layout-flex\">\n<div class=\"wp-block-button\"><a class=\"wp-block-button__link\" href=\"tel:5148783721\"> Contact Information<br><strong>T: 514-878-3721<\/strong><\/a><\/div>\n<\/div>\n\n\n<\/div>\n\n                    \n\n\n<div class=\"block-accordion \">\n    <span class=\"block-accordion__label\">Accordion<\/span>\n    <h3 class=\"block-accordion__title\">Occupational Health and Safety<\/h3>\n    \n\n<p>Worker health and safety is the top priority for MEA. Indeed, MEA understands the importance of a true culture of health and safety. MEA\u2019s health and safety team coordinates all health and safety practices with member companies. It also trains, in collaboration with the Montreal Harbour Training Center, informs and advises the people concerned on the legislation in force.<\/p>\n\n\n\n<p><strong>A critical resource<\/strong><\/p>\n\n\n\n<p>As the maritime transportation industry is under federal regulation, several ministries and organizations impose various principles and policies. MEA workplace health and safety advisors act as a resource and link between members in applying and implementing appropriate prevention policies to promote employee health and safety.<\/p>\n\n\n\n<p>Through the expertise, involvement and sustained efforts of the various stakeholders in the joint committees that it leads and attends, the workplace health and safety team researches, develops and designs tools and methods to advance and develop safe practices on the terminals.<\/p>\n\n\n\n<div class=\"wp-block-buttons is-layout-flex wp-block-buttons-is-layout-flex\">\n<div class=\"wp-block-button\"><a class=\"wp-block-button__link\" href=\"tel:5145247442\"> Contact Information<br><strong>T: 514-524-7442<\/strong><\/a><\/div>\n<\/div>\n\n\n<\/div>\n\n                    \n\n\n<div class=\"block-accordion \">\n    <span class=\"block-accordion__label\">Accordion<\/span>\n    <h3 class=\"block-accordion__title\">Workforce and Dispatch<\/h3>\n    \n\n<p>One of MEA\u2019s responsibilities is the daily deployment of the workforce on the entire territory of the ports of Montr\u00e9al, Contrec\u0153ur, Trois-Rivi\u00e8res and B\u00e9cancour.<\/p>\n\n\n\n<p>Daily deployment is a complex operation. Not only must MEA provide the workforce on the various terminals with tight timeframes, but the deployment must at all times comply with the many rules of the three collective agreements of the various unions. Estimating the arrival of ships and the workforce required to load and unload depends on several factors, particularly the weather; forecasting is therefore a balancing act.<\/p>\n\n\n\n<p>A computer system is used to manage labour requests and obtain daily deployments. The team of deployment clerks and dispatchers works closely with members to meet labour needs and assigns up to 1,700 workers daily.<\/p>\n\n\n\n<p>At the ports of Hamilton and Toronto, request management and workforce deployment are carried out directly between member companies and the three different unions.<\/p>\n\n\n\n<div class=\"wp-block-buttons is-layout-flex wp-block-buttons-is-layout-flex\">\n<div class=\"wp-block-button\"><a class=\"wp-block-button__link\" href=\"tel:5148783721\"> Contact Information<br><strong>T: 514-878-3721<\/strong><\/a><\/div>\n<\/div>\n\n\n<\/div>\n\n                    \n\n\n<div class=\"block-accordion \">\n    <span class=\"block-accordion__label\">Accordion<\/span>\n    <h3 class=\"block-accordion__title\">Administration<\/h3>\n    \n\n<p>MEA administration is made up of four departments\u2014Finance, IT, Human Resources and Public Affairs and Communications.<\/p>\n\n\n\n<p>The Finance and Human Resources teams are the drivers behind MEA. Whether it is paying all port employees in the ports we serve or diligently administering the NPO\u2019s budget, the finance team is comprised of professionals with an in-depth knowledge of our industry.<\/p>\n\n\n\n<p>IT is a valuable resource for MEA, because this department governs the usual systems and the entire deployment, a delicate and complex operation. The IT team\u2019s expertise has allowed MEA to move forward with an enormous system modernization initiative to better meet the needs of members and make everyone\u2019s work easier.<\/p>\n\n\n\n<p>The public affairs and communications team establishes links externally and with employees. Whether developing relationships with our partners and stakeholders or improving internal communications with employees, this team is responsible for using various methods to achieve MEA\u2019s business objectives.<\/p>\n\n\n\n<div class=\"wp-block-buttons is-layout-flex wp-block-buttons-is-layout-flex\">\n<div class=\"wp-block-button\"><a class=\"wp-block-button__link\" href=\"tel:5148783721\"> Contact Information<br><strong>T: 514-878-3721<\/strong><\/a><\/div>\n<\/div>\n\n\n<\/div>\n\n                    \n<\/div>\n\n\n\n<div class=\"wp-block-column is-layout-flow wp-block-column-is-layout-flow\" style=\"flex-basis:40%\"><\/div>\n<\/div>\n\n\n<\/div>\n                   \n","protected":false},"excerpt":{"rendered":"","protected":false},"author":1,"featured_media":0,"parent":822,"menu_order":0,"comment_status":"closed","ping_status":"closed","template":"","meta":{"_acf_changed":false,"_relevanssi_hide_post":"","_relevanssi_pin_for_all":"","_relevanssi_pin_keywords":"","_relevanssi_unpin_keywords":"","_relevanssi_related_keywords":"","_relevanssi_related_include_ids":"","_relevanssi_related_exclude_ids":"","_relevanssi_related_no_append":"","_relevanssi_related_not_related":"","_relevanssi_related_posts":"851,894","_relevanssi_noindex_reason":"","footnotes":""},"acf":[],"_links":{"self":[{"href":"https:\/\/www.mea.ca\/en\/wp-json\/wp\/v2\/pages\/828"}],"collection":[{"href":"https:\/\/www.mea.ca\/en\/wp-json\/wp\/v2\/pages"}],"about":[{"href":"https:\/\/www.mea.ca\/en\/wp-json\/wp\/v2\/types\/page"}],"author":[{"embeddable":true,"href":"https:\/\/www.mea.ca\/en\/wp-json\/wp\/v2\/users\/1"}],"replies":[{"embeddable":true,"href":"https:\/\/www.mea.ca\/en\/wp-json\/wp\/v2\/comments?post=828"}],"version-history":[{"count":8,"href":"https:\/\/www.mea.ca\/en\/wp-json\/wp\/v2\/pages\/828\/revisions"}],"predecessor-version":[{"id":1181,"href":"https:\/\/www.mea.ca\/en\/wp-json\/wp\/v2\/pages\/828\/revisions\/1181"}],"up":[{"embeddable":true,"href":"https:\/\/www.mea.ca\/en\/wp-json\/wp\/v2\/pages\/822"}],"wp:attachment":[{"href":"https:\/\/www.mea.ca\/en\/wp-json\/wp\/v2\/media?parent=828"}],"curies":[{"name":"wp","href":"https:\/\/api.w.org\/{rel}","templated":true}]}}